{"id":99,"date":"2021-05-21T00:55:12","date_gmt":"2021-05-21T00:55:12","guid":{"rendered":"https:\/\/comercializadoraquimicafyr.com\/?page_id=99"},"modified":"2021-05-21T19:48:15","modified_gmt":"2021-05-21T19:48:15","slug":"productos","status":"publish","type":"page","link":"https:\/\/comercializadoraquimicafyr.com\/index.php\/productos\/","title":{"rendered":"VALORES"},"content":{"rendered":"\t\t<div data-elementor-type=\"wp-page\" data-elementor-id=\"99\" class=\"elementor elementor-99\">\n\t\t\t\t\t\t<section class=\"elementor-section elementor-top-section elementor-element elementor-element-5c7651e elementor-section-boxed elementor-section-height-default elementor-section-height-default\" data-id=\"5c7651e\" data-element_type=\"section\" data-e-type=\"section\">\n\t\t\t\t\t\t<div class=\"elementor-container elementor-column-gap-default\">\n\t\t\t\t\t<div class=\"elementor-column elementor-col-100 elementor-top-column elementor-element elementor-element-4efaaee\" data-id=\"4efaaee\" data-element_type=\"column\" data-e-type=\"column\">\n\t\t\t<div class=\"elementor-widget-wrap elementor-element-populated\">\n\t\t\t\t\t\t<div class=\"elementor-element elementor-element-b75e994 elementor-widget elementor-widget-text-editor\" data-id=\"b75e994\" data-element_type=\"widget\" data-e-type=\"widget\" data-widget_type=\"text-editor.default\">\n\t\t\t\t<div class=\"elementor-widget-container\">\n\t\t\t\t\t\t\t\t\t<h2><span style=\"color: #000000;\"><span style=\"vertical-align: inherit;\">VALORES FYR<\/span><\/span><\/h2><ul><li><h6><span style=\"vertical-align: inherit; color: #000000;\">Honestidad<\/span><\/h6><\/li><li><h6><span style=\"vertical-align: inherit; color: #000000;\">Responsabilidad<\/span><\/h6><\/li><li><h6><span style=\"vertical-align: inherit; color: #000000;\">Servicio<\/span><\/h6><\/li><li><h6><span style=\"vertical-align: inherit; color: #000000;\">Compromiso<\/span><\/h6><\/li><li><h6><span style=\"vertical-align: inherit; color: #000000;\">Calidad<\/span><\/h6><\/li><li><h6><span style=\"vertical-align: inherit; color: #000000;\">Puntualidad<\/span><\/h6><\/li><li><h6><span style=\"vertical-align: inherit; color: #000000;\">Pasi\u00f3n<\/span><\/h6><\/li><li><h6><span style=\"vertical-align: inherit; color: #000000;\">Competitividad<\/span><\/h6><\/li><li><h6><span style=\"vertical-align: inherit; color: #000000;\">Trabajo en equipo<\/span><\/h6><\/li><li><h6><span style=\"vertical-align: inherit; color: #000000;\">Orientaci\u00f3n al cliente<\/span><\/h6><\/li><li><h6><span style=\"vertical-align: inherit; color: #000000;\">Resoluci\u00f3n de problemas<\/span><\/h6><\/li><\/ul>\t\t\t\t\t\t\t\t<\/div>\n\t\t\t\t<\/div>\n\t\t\t\t\t<\/div>\n\t\t<\/div>\n\t\t\t\t\t<\/div>\n\t\t<\/section>\n\t\t\t\t<\/div>\n\t\t","protected":false},"excerpt":{"rendered":"<p>VALORES FYR Honestidad Responsabilidad Servicio Compromiso Calidad Puntualidad Pasi\u00f3n Competitividad Trabajo en equipo Orientaci\u00f3n al cliente Resoluci\u00f3n de problemas<\/p>\n","protected":false},"author":1,"featured_media":0,"parent":0,"menu_order":0,"comment_status":"closed","ping_status":"closed","template":"","meta":{"site-sidebar-layout":"no-sidebar","site-content-layout":"page-builder","ast-site-content-layout":"default","site-content-style":"default","site-sidebar-style":"default","ast-global-header-display":"","ast-banner-title-visibility":"","ast-main-header-display":"","ast-hfb-above-header-display":"","ast-hfb-below-header-display":"","ast-hfb-mobile-header-display":"","site-post-title":"disabled","ast-breadcrumbs-content":"","ast-featured-img":"disabled","footer-sml-layout":"","ast-disable-related-posts":"","theme-transparent-header-meta":"default","adv-header-id-meta":"","stick-header-meta":"","header-above-stick-meta":"","header-main-stick-meta":"","header-below-stick-meta":"","astra-migrate-meta-layouts":"default","ast-page-background-enabled":"default","ast-page-background-meta":{"desktop":{"background-color":"var(--ast-global-color-4)","background-image":"","background-repeat":"repeat","background-position":"center center","background-size":"auto","background-attachment":"scroll","background-type":"","background-media":"","overlay-type":"","overlay-color":"","overlay-opacity":"","overlay-gradient":""},"tablet":{"background-color":"","background-image":"","background-repeat":"repeat","background-position":"center center","background-size":"auto","background-attachment":"scroll","background-type":"","background-media":"","overlay-type":"","overlay-color":"","overlay-opacity":"","overlay-gradient":""},"mobile":{"background-color":"","background-image":"","background-repeat":"repeat","background-position":"center center","background-size":"auto","background-attachment":"scroll","background-type":"","background-media":"","overlay-type":"","overlay-color":"","overlay-opacity":"","overlay-gradient":""}},"ast-content-background-meta":{"desktop":{"background-color":"var(--ast-global-color-5)","background-image":"","background-repeat":"repeat","background-position":"center center","background-size":"auto","background-attachment":"scroll","background-type":"","background-media":"","overlay-type":"","overlay-color":"","overlay-opacity":"","overlay-gradient":""},"tablet":{"background-color":"var(--ast-global-color-5)","background-image":"","background-repeat":"repeat","background-position":"center center","background-size":"auto","background-attachment":"scroll","background-type":"","background-media":"","overlay-type":"","overlay-color":"","overlay-opacity":"","overlay-gradient":""},"mobile":{"background-color":"var(--ast-global-color-5)","background-image":"","background-repeat":"repeat","background-position":"center center","background-size":"auto","background-attachment":"scroll","background-type":"","background-media":"","overlay-type":"","overlay-color":"","overlay-opacity":"","overlay-gradient":""}},"footnotes":""},"class_list":["post-99","page","type-page","status-publish","hentry"],"_links":{"self":[{"href":"https:\/\/comercializadoraquimicafyr.com\/index.php\/wp-json\/wp\/v2\/pages\/99","targetHints":{"allow":["GET"]}}],"collection":[{"href":"https:\/\/comercializadoraquimicafyr.com\/index.php\/wp-json\/wp\/v2\/pages"}],"about":[{"href":"https:\/\/comercializadoraquimicafyr.com\/index.php\/wp-json\/wp\/v2\/types\/page"}],"author":[{"embeddable":true,"href":"https:\/\/comercializadoraquimicafyr.com\/index.php\/wp-json\/wp\/v2\/users\/1"}],"replies":[{"embeddable":true,"href":"https:\/\/comercializadoraquimicafyr.com\/index.php\/wp-json\/wp\/v2\/comments?post=99"}],"version-history":[{"count":13,"href":"https:\/\/comercializadoraquimicafyr.com\/index.php\/wp-json\/wp\/v2\/pages\/99\/revisions"}],"predecessor-version":[{"id":195,"href":"https:\/\/comercializadoraquimicafyr.com\/index.php\/wp-json\/wp\/v2\/pages\/99\/revisions\/195"}],"wp:attachment":[{"href":"https:\/\/comercializadoraquimicafyr.com\/index.php\/wp-json\/wp\/v2\/media?parent=99"}],"curies":[{"name":"wp","href":"https:\/\/api.w.org\/{rel}","templated":true}]}}